{"id":12,"date":"2013-11-11T18:42:11","date_gmt":"2013-11-11T18:42:11","guid":{"rendered":"http:\/\/www.pianosonore.nl\/?page_id=12"},"modified":"2016-03-29T17:55:52","modified_gmt":"2016-03-29T17:55:52","slug":"concert-service","status":"publish","type":"page","link":"https:\/\/www.pianosonore.nl\/en\/concert-service\/","title":{"rendered":"Concert service"},"content":{"rendered":"<p><\/p>\n<p style=\"text-align: left;\"><a href=\"http:\/\/www.pianosonore.nl\/wp-content\/uploads\/2014\/04\/concertvleugel-op-podium.jpg\"><img decoding=\"async\" loading=\"lazy\" class=\"wp-image-430 size-medium alignright\" src=\"http:\/\/www.pianosonore.nl\/wp-content\/uploads\/2014\/04\/concertvleugel-op-podium-300x200.jpg\" alt=\"\" width=\"300\" height=\"200\" srcset=\"https:\/\/www.pianosonore.nl\/wp-content\/uploads\/2014\/04\/concertvleugel-op-podium-300x200.jpg 300w, https:\/\/www.pianosonore.nl\/wp-content\/uploads\/2014\/04\/concertvleugel-op-podium-1024x682.jpg 1024w, https:\/\/www.pianosonore.nl\/wp-content\/uploads\/2014\/04\/concertvleugel-op-podium-610x406.jpg 610w\" sizes=\"(max-width: 300px) 100vw, 300px\" \/><\/a><\/p>\n<p style=\"text-align: left;\">During his long career, <a href=\"http:\/\/www.pianosonore.nl\/en\/biografie\/\">Hans ten Velden<\/a> has tuned many concerts in Western Europe, for pianists of national or worldwide fame:<\/p>\n<p style=\"text-align: center;\">(In alphabetical order)<\/p>\n<table border=\"0\" width=\"977\" cellspacing=\"0\" cellpadding=\"0\">\n<tbody>\n<tr>\n<td valign=\"top\"><span style=\"color: #c45312;\"><b>A<\/b><\/span><br \/>\nAbegg Piano Trio<br \/>\nDavid Abramovitz Joaquin Achucarro<br \/>\nVladimir Afanassiev<br \/>\nLinda Ang<br \/>\nArden Piano Trio<br \/>\nMartha Argerich<br \/>\nASKO Ensemble<br \/>\nAtlantis Trio Wien<br \/>\nArleen Auger<br \/>\nHaakon Austb\u00f6<br \/>\nNicolas Aza\u00efs<br \/>\n<span style=\"color: #c45312;\"><b>B<\/b><\/span><br \/>\nAlwin B\u00e4r<br \/>\nNerine Barrett<br \/>\nLorenzo Bavaj<br \/>\nGilbert B\u00e9caud<br \/>\nKristi Becker<br \/>\nQuartetto Beethoven di Roma<br \/>\nVyron Bellas<br \/>\nGeorge Benson<br \/>\nPhilippe Biros<br \/>\nG\u00e9rard van Blerk<br \/>\nCarla Bley<br \/>\nPaul Bley<br \/>\nDani\u00ebl Blumenthal<br \/>\nEd de Boer<br \/>\nKonstantin Bogino<br \/>\nThom Bollen<br \/>\nMarian Bolt<br \/>\nMarja Bon<br \/>\nJacques Bouniard<br \/>\nBernd Brackman<br \/>\nFrank Braley<br \/>\nRoger Braun<br \/>\nRonald Brautigam<br \/>\nMichael Brecker 5tet<br \/>\nAlfred Brendel<br \/>\nDee Dee Bridgewater<br \/>\nTheo Bruins<br \/>\nCristan de Bruyn<br \/>\n<span style=\"color: #c45312;\"><b>C<\/b><\/span><br \/>\nLaurent Cabasso<br \/>\nMichel Camilo<br \/>\nSusan Campbell<br \/>\nJos\u00e9 Carr\u00e9ras<br \/>\nFania Chapiro<br \/>\nShura Cherkassky<br \/>\nNelly Clapar\u00e8de<br \/>\nFrance Clidat<br \/>\nRichie Cole All Stars<br \/>\nOrnette\u00a0Coleman &amp; Prime Time<br \/>\nCatharine Collard<br \/>\nJean-Philippe Collard<br \/>\nJohn Conti-Guglia<br \/>\nRichard Conti-Guglia<br \/>\nImogen Cooper<br \/>\nPhilippe Corre<br \/>\nEllen Corver<br \/>\nStanley Cowell<br \/>\nduo Crommelinck<br \/>\n<span style=\"color: #c45312;\"><b>D<\/b><\/span><br \/>\nMichel Dalberto<br \/>\nDante Trio<br \/>\nBella Davidovitch<br \/>\nChristoph Delz<br \/>\nJohn Denver<br \/>\nLove Derwinger<br \/>\nClaire Desert<br \/>\nLuc Devos<br \/>\nPascal Devoyon<br \/>\nPeter Dicke<br \/>\nLeo van Doeselaar<br \/>\nFran\u00e7ois-Ren\u00e9 Duchable<br \/>\nDutch Swing College Band<br \/>\nLouis van Dijk<\/td>\n<td valign=\"top\"><span style=\"color: #c45312;\"><b>E<\/b><\/span><br \/>\nJean-Claude van den Eynden<br \/>\nEduard Exerjean<br \/>\n<span style=\"color: #c45312;\"><b>F<\/b><\/span><br \/>\nNelson Freire<br \/>\n<span style=\"color: #c45312;\"><b>G<\/b><\/span><br \/>\nBrian Ganz<br \/>\nGertrand Geissler<br \/>\nBruno Leonardo Gelber<br \/>\nVictor Ginsburg<br \/>\nMireille Gleizes<br \/>\nGolden Gate 4tet<br \/>\nDavid Golub<br \/>\nAndr\u00e9 de Groote<br \/>\nRobert Groslot<br \/>\nNaum Grubert<br \/>\nJan Gruithuyzen<br \/>\nGuarneri Trio<br \/>\n<span style=\"color: #c45312;\"><b>H<\/b><\/span><br \/>\nIngrid Haebler<br \/>\nHerbie Hancock<br \/>\nHaydn Trio Wien<br \/>\nGijs Hendriks<br \/>\nMartijn van den Hoek<br \/>\nStanley Hoogland<br \/>\nJean Hubeau<br \/>\n<span style=\"color: #c45312;\"><b>I<\/b><\/span><br \/>\nJos van Immerseel<br \/>\nEugen Indjic<br \/>\n<span style=\"color: #c45312;\"><b>J<\/b><\/span><br \/>\nPim Jacobs<br \/>\nRudolf Jansen<br \/>\nGuus Jansen<br \/>\nIvo Janssen<br \/>\nKeith Jarrett<br \/>\nWyneke Jordans<br \/>\n<span style=\"color: #c45312;\"><b>K<\/b><\/span><br \/>\nMauricio Kagel<br \/>\nKarl Kammerlander<br \/>\nDido Keuning<br \/>\nStephane Kochoyan<br \/>\nZoltan Kocsis<br \/>\nPaul Komen<br \/>\nLee Konitz 4tet<br \/>\nDaniel Knecht<br \/>\nWonne Kroes<br \/>\nJoachim K\u00fchn<br \/>\n<span style=\"color: #c45312;\"><b>L<\/b><\/span><br \/>\nFrank van der Laar<br \/>\nKatia Labeque<br \/>\nMarielle Labeque<br \/>\nChristophe Larrieu<br \/>\nPeggy Larson Band<br \/>\nKarin Lechner<br \/>\nReinbert de Leeuw<br \/>\nJohn Lill<br \/>\nJean-Pierre Llabador 4tet<br \/>\nSteven Lubin<br \/>\nNina Lugovoy<br \/>\n<span style=\"color: #c45312;\"><b>M<\/b><\/span><br \/>\nGisele Magnan<br \/>\nRoberte Mamou<br \/>\nHeinz Medjimorec<br \/>\nJeremy Menuhin<br \/>\nFlorence Millet<br \/>\nCarlos Moerdijk<br \/>\nGiselle Mouret<br \/>\nM\u00fcnchner Piano Trio<br \/>\nRoland de Munk<\/td>\n<td valign=\"top\"><span style=\"color: #c45312;\"><b>N<\/b><\/span><br \/>\nNederlands Mozart Trio<br \/>\nWilhelm Neuhaus<br \/>\nMarien van Nieuwkerken<br \/>\nAndrei Nikolsky<br \/>\nMarko Nouwens<br \/>\n<span style=\"color: #c45312;\"><b>O<\/b><\/span><br \/>\nNiek van Oosterum<br \/>\nSebastiaan Oosthout<br \/>\nG\u00e9rhardt Oppitz<br \/>\nOrlando Kwartet<br \/>\nRafa\u00ebl Orozco<br \/>\nC\u00e9cile Ousset<br \/>\n<span style=\"color: #c45312;\"><b>P<\/b><\/span><br \/>\nMarius van Paassen<br \/>\nJean-Claude Pennetier<br \/>\nMichel Petrucciani<br \/>\nMaria Jo\u00e3o Pires<br \/>\nIvo Pogorelich<br \/>\nRoland P\u00f6ntinen<br \/>\nMichel Portal Unit<br \/>\nChristian Portanier<br \/>\n<span style=\"color: #c45312;\"><b>R<\/b><\/span><br \/>\nAlexander Rabinovitch<br \/>\nKarol Radziwonowich<br \/>\nEliane Rodriguez<br \/>\nAlexander Rudin<br \/>\nMikhail Rudy<br \/>\nFrans van Ruth<br \/>\nChristiane Rutten<br \/>\n<span style=\"color: #c45312;\"><b>S<\/b><\/span><br \/>\nHiroko Sakagami<br \/>\nVladimir Scanavi<br \/>\nMichael Sch\u00e4fer<br \/>\nThomas Schmidt<br \/>\nSven-J\u00f6rge Schnoor<br \/>\nSch\u00f6nberg Ensemble<br \/>\nCatherine Silie<br \/>\nFrank Sinatra<br \/>\nGrigory Sokolov<br \/>\nEd Spanjaard<br \/>\nEmmanuel Strosser<br \/>\nIvan Sytnik<br \/>\n<span style=\"color: #c45312;\"><b>T<\/b><\/span><br \/>\nDominique Taouss<br \/>\nJean Yves Thibaudet<br \/>\nFran\u00e7ois-Jo\u00ebl Thiollier<br \/>\nSergio Tiempo<br \/>\nMaria Tipo<br \/>\nEdoardo Torbianelli<br \/>\nTsjaikowsky Piano Trio<br \/>\nWill Tura<br \/>\n<span style=\"color: #c45312;\"><b>V<\/b><\/span><br \/>\nRoger Vignoles<br \/>\nPierre-Alain Volondat<br \/>\n<span style=\"color: #c45312;\"><b>W<\/b><\/span><br \/>\nRian de Waal<br \/>\nDaniel Wayenberg<br \/>\nRandy Waldman<br \/>\nFran\u00e7ois Weigel<br \/>\nLarry Willis<br \/>\nNicole Winter<br \/>\nKlara Wuertz<br \/>\n<span style=\"color: #c45312;\"><b>Z<\/b><\/span><br \/>\nChristian Zacharias<br \/>\nKrystian Zimerman<br \/>\nPeter Zimmerman<br \/>\nGerrit Zitterbart<\/td>\n<\/tr>\n<\/tbody>\n<\/table>\n<table border=\"0\" width=\"977\" cellspacing=\"0\" cellpadding=\"0\">\n<tbody>\n<tr>\n<td rowspan=\"2\" valign=\"top\">&nbsp;<\/p>\n<p><span style=\"color: #c45312;\"><b>Festivals:<\/b><\/span><br \/>\nFestival d\u2019Art Lyrique d\u2019Antibes<br \/>\nFestival International des Musiques d\u2019Aujourd\u2019hui \u2018Musica\u2019 \/ Strassbourg<br \/>\nFestival International de Piano \u2018la Roque d\u2019Anth\u00e9ron\u2019<br \/>\nFestival International de Sully<br \/>\nFestival de Jazz International \u00e0 N\u00eemes<br \/>\nFestival Mozart \u00e0 Lille<br \/>\nFestival de Musique Fran\u00e7aise de Laon<br \/>\nFestival van Vlaanderen<br \/>\nFestival de Wallonie<br \/>\nReder European Junior Piano Festival<br \/>\nVoices Festival<\/td>\n<td rowspan=\"2\" valign=\"top\">&nbsp;<\/p>\n<p><span style=\"color: #c45312;\"><b>Concourses:<\/b><\/span><br \/>\nConcours de Piano \u2018Madeleine de Valmalette\u2019<br \/>\nInternational Steinway Concours \/ Eindhoven<br \/>\nInternationaal Vocalisten Concours \/ Den Bosch<br \/>\nTromp Muziek Concours<br \/>\nSteinway Concours Nederland<\/td>\n<td width=\"0\" height=\"14\"><\/td>\n<\/tr>\n<tr>\n<td width=\"0\" height=\"14\"><\/td>\n<\/tr>\n<\/tbody>\n<\/table>\n<p><\/p>","protected":false},"excerpt":{"rendered":"<p>During his long career, Hans ten Velden has tuned many concerts in Western Europe, for pianists of national or worldwide fame: (In alphabetical order) A Abegg Piano Trio David Abramovitz Joaquin Achucarro Vladimir Afanassiev Linda Ang Arden Piano Trio Martha Argerich ASKO Ensemble Atlantis Trio Wien Arleen Auger Haakon Austb\u00f6 Nicolas Aza\u00efs B Alwin B\u00e4r [&hellip;]<\/p>\n","protected":false},"author":1,"featured_media":0,"parent":0,"menu_order":0,"comment_status":"open","ping_status":"open","template":"","meta":[],"_links":{"self":[{"href":"https:\/\/www.pianosonore.nl\/en\/wp-json\/wp\/v2\/pages\/12"}],"collection":[{"href":"https:\/\/www.pianosonore.nl\/en\/wp-json\/wp\/v2\/pages"}],"about":[{"href":"https:\/\/www.pianosonore.nl\/en\/wp-json\/wp\/v2\/types\/page"}],"author":[{"embeddable":true,"href":"https:\/\/www.pianosonore.nl\/en\/wp-json\/wp\/v2\/users\/1"}],"replies":[{"embeddable":true,"href":"https:\/\/www.pianosonore.nl\/en\/wp-json\/wp\/v2\/comments?post=12"}],"version-history":[{"count":54,"href":"https:\/\/www.pianosonore.nl\/en\/wp-json\/wp\/v2\/pages\/12\/revisions"}],"predecessor-version":[{"id":675,"href":"https:\/\/www.pianosonore.nl\/en\/wp-json\/wp\/v2\/pages\/12\/revisions\/675"}],"wp:attachment":[{"href":"https:\/\/www.pianosonore.nl\/en\/wp-json\/wp\/v2\/media?parent=12"}],"curies":[{"name":"wp","href":"https:\/\/api.w.org\/{rel}","templated":true}]}}