{"id":48,"date":"2013-11-14T19:09:23","date_gmt":"2013-11-14T19:09:23","guid":{"rendered":"http:\/\/www.pianosonore.nl\/?page_id=48"},"modified":"2016-03-24T15:32:13","modified_gmt":"2016-03-24T15:32:13","slug":"links","status":"publish","type":"page","link":"https:\/\/www.pianosonore.nl\/nl\/links\/","title":{"rendered":"Links"},"content":{"rendered":"<p><img decoding=\"async\" loading=\"lazy\" class=\"size-medium wp-image-318 alignright\" src=\"http:\/\/www.pianosonore.nl\/wp-content\/uploads\/2013\/12\/klavier-fantasy-300x164.jpg\" alt=\"klavier fantasy\" width=\"293\" height=\"153\" \/><\/p>\n<p><a title=\"Serie Meesterpianisten Concertgebouw\" href=\"https:\/\/www.meesterpianisten.nl\" target=\"_blank\">Serie Meesterpianisten \/ Koninklijk Concertgebouw Amsterdam<\/a><\/p>\n<p><a title=\"la Roque d'Anth\u00e9ron\" href=\"http:\/\/www.festival-piano.com\" target=\"_blank\">Festival de Piano International \/ la Rocque d\u2019Anth\u00e9ron<\/a><\/p>\n<p><a title=\"Festival de la V\u00e9z\u00e8re\" href=\"http:\/\/www.festival-vezere.com\" target=\"_blank\">Festival de la V\u00e9z\u00e8re \/ Corr\u00e8ze<\/a><\/p>\n<p><a title=\"Hear the world\" href=\"http:\/\/www.hear-the-world.com\/en\/start.html\" target=\"_blank\">Hear the World Foundation<\/a><\/p>\n<p><a title=\"Cymatics\" href=\"http:\/\/en.wikipedia.org\/wiki\/Cymatics\" target=\"_blank\">Cymatics<\/a><\/p>\n<p><a title=\"Wasserklangbilder\" href=\"http:\/\/www.wasserklangbilder.de\" target=\"_blank\">Wasser Klang Bilder<\/a><\/p>\n<p><a title=\"Muziek maakt slim\" href=\"http:\/\/www.muziekmaaktslim.nl\" target=\"_blank\">Muziek maakt slim<\/a><\/p>\n<p><a title=\"Muziekindex\" href=\"http:\/\/muziekindex.nl\" target=\"_blank\">Info Muziek maken &#8211; Muzieklessen &#8211; Muziekinstrumenten<\/a><\/p>\n<p><a title=\"Buzmedia\" href=\"http:\/\/www.buzmedia.nl\" target=\"_blank\">Buzmedia internet solutions<\/a>\u00a0\u00a0 (maker van deze website)<\/p>\n<p><iframe loading=\"lazy\" style=\"width: 495px; height: 273px;\" src=\"\/\/www.youtube.com\/embed\/2lXh2n0aPyw\" width=\"640\" height=\"360\" frameborder=\"0\" allowfullscreen=\"allowfullscreen\"><\/iframe><\/p>","protected":false},"excerpt":{"rendered":"<p>Serie Meesterpianisten \/ Koninklijk Concertgebouw Amsterdam Festival de Piano International \/ la Rocque d\u2019Anth\u00e9ron Festival de la V\u00e9z\u00e8re \/ Corr\u00e8ze Hear the World Foundation Cymatics Wasser Klang Bilder Muziek maakt slim Info Muziek maken &#8211; Muzieklessen &#8211; Muziekinstrumenten Buzmedia internet solutions\u00a0\u00a0 (maker van deze website)<\/p>\n","protected":false},"author":1,"featured_media":0,"parent":0,"menu_order":80,"comment_status":"open","ping_status":"closed","template":"","meta":[],"_links":{"self":[{"href":"https:\/\/www.pianosonore.nl\/nl\/wp-json\/wp\/v2\/pages\/48"}],"collection":[{"href":"https:\/\/www.pianosonore.nl\/nl\/wp-json\/wp\/v2\/pages"}],"about":[{"href":"https:\/\/www.pianosonore.nl\/nl\/wp-json\/wp\/v2\/types\/page"}],"author":[{"embeddable":true,"href":"https:\/\/www.pianosonore.nl\/nl\/wp-json\/wp\/v2\/users\/1"}],"replies":[{"embeddable":true,"href":"https:\/\/www.pianosonore.nl\/nl\/wp-json\/wp\/v2\/comments?post=48"}],"version-history":[{"count":46,"href":"https:\/\/www.pianosonore.nl\/nl\/wp-json\/wp\/v2\/pages\/48\/revisions"}],"predecessor-version":[{"id":636,"href":"https:\/\/www.pianosonore.nl\/nl\/wp-json\/wp\/v2\/pages\/48\/revisions\/636"}],"wp:attachment":[{"href":"https:\/\/www.pianosonore.nl\/nl\/wp-json\/wp\/v2\/media?parent=48"}],"curies":[{"name":"wp","href":"https:\/\/api.w.org\/{rel}","templated":true}]}}